{"id":224,"date":"2020-09-23T08:39:08","date_gmt":"2020-09-23T06:39:08","guid":{"rendered":"https:\/\/elmersgardsbutik.se\/?page_id=224"},"modified":"2020-09-23T13:21:42","modified_gmt":"2020-09-23T11:21:42","slug":"meista","status":"publish","type":"page","link":"https:\/\/elmersgardsbutik.se\/fi\/meista\/","title":{"rendered":"Meist\u00e4"},"content":{"rendered":"<div class=\"wp-block-paragraph\">\n<p>Pesula Lantbruk on Pelle ja \u00c5sa Pesulan sek\u00e4 heid\u00e4n poikiensa Gustavin ja Vilhelmin johtama perheyritys. Maatila sijaitsee \u00d6vre Kukkolassa Torniolaaksossa noin 2,5 km Haaparannasta pohjoiseen ja sijaitsee kauniin Torniojoen vieress\u00e4, joka rajoittuu Suomeen.<\/p>\n<\/div>\n\n\n<div class=\"wp-block-columns is-layout-flex wp-container-core-columns-is-layout-9d6595d7 wp-block-columns-is-layout-flex\">\n<div class=\"wp-block-column is-layout-flow wp-block-column-is-layout-flow\" style=\"flex-basis:33.33%\">\n<div class=\"wp-block-image\"><figure class=\"aligncenter size-large\"><img loading=\"lazy\" decoding=\"async\" width=\"274\" height=\"271\" src=\"https:\/\/elmersgardsbutik.se\/wp-content\/uploads\/2020\/09\/EUlogo_c_RGB.jpg\" alt=\"\" class=\"wp-image-217\" srcset=\"https:\/\/elmersgardsbutik.se\/wp-content\/uploads\/2020\/09\/EUlogo_c_RGB.jpg 274w, https:\/\/elmersgardsbutik.se\/wp-content\/uploads\/2020\/09\/EUlogo_c_RGB-100x100.jpg 100w\" sizes=\"auto, (max-width: 274px) 100vw, 274px\" \/><\/figure><\/div>\n<\/div>\n\n\n\n<div class=\"wp-block-column is-layout-flow wp-block-column-is-layout-flow\" style=\"flex-basis:66.66%\"><div class=\"wp-block-paragraph\">\n<p class=\"has-text-align-center\">Coronan (covid 19) vuoksi myynti omista tuotteistamme laski. T\u00e4ll\u00e4 nettikaupalla jolle olemme saanut EU tukea, toivomme kasvattavan meid\u00e4n myynti\u00e4 nettill\u00e4.<\/p>\n<\/div><\/div>\n<\/div>\n\n\n<div class=\"wp-block-paragraph\">\n<p>Tilan perusta on luomo \/ekolooginen maidontuotanto robottik\u00e4yt\u00f6ll\u00e4 ja el\u00e4inten lukum\u00e4\u00e4r\u00e4 on noin 60 lypsylehm\u00e4\u00e4 ja yht\u00e4 monta nuorta el\u00e4int\u00e4.<\/p>\n<\/div>\n\n<div class=\"wp-block-paragraph\">\n<p>Rypsi on rapsin sukulainen. Koska rapsi ei kerki\u00e4 kypsy\u00e4 meid\u00e4n leveysasteilla, viljelemme rypsi\u00e4 lyhyemm\u00e4n kasvukauden ja aikaisimma kypsymiskauden takia.<br>Monien mielest\u00e4 rypsi\u00f6ljyn maku on hieman p\u00e4hkim\u00e4inen.<br>Me tornionlaakosolai olemme aina v\u00e4itt\u00e4net ett\u00e4 meill\u00e4 on kolmetoista kuukautta vuodessa. T\u00e4m\u00e4 koska meill\u00e4 napapiirill\u00e4 on valoisat kes\u00e4y\u00f6t jolloin kasvusto kukoista ja kasva my\u00f6s keskiy\u00f6n auringon loisteessa. Antaen t\u00e4ten viljelykasvustolle oman luonteen ja makuel\u00e4myksen.<\/p>\n<\/div>\n\n<div class=\"wp-block-paragraph\">\n<p>Kasvatamme sek\u00e4 valkoista ett\u00e4 ruskeaa sinappia ja teemme oman seoksemme sek\u00e4 jauhetuista ett\u00e4 kokonaisista siemenist\u00e4, joten sinapimme on hieman karkearakeinen.<\/p>\n<\/div>","protected":false},"excerpt":{"rendered":"<p>Pesula Lantbruk on Pelle ja \u00c5sa Pesulan sek\u00e4 heid\u00e4n poikiensa Gustavin ja Vilhelmin johtama perheyritys. Maatila sijaitsee \u00d6vre Kukkolassa Torniolaaksossa noin 2,5 km Haaparannasta pohjoiseen&#8230;<\/p>\n","protected":false},"author":1,"featured_media":0,"parent":0,"menu_order":0,"comment_status":"closed","ping_status":"closed","template":"","meta":{"_acf_changed":false,"footnotes":""},"class_list":["post-224","page","type-page","status-publish","hentry"],"acf":[],"yoast_head":"<!-- This site is optimized with the Yoast SEO plugin v27.3 - https:\/\/yoast.com\/product\/yoast-seo-wordpress\/ -->\n<title>Meist\u00e4 - Elmersgardsbutik<\/title>\n<meta name=\"robots\" content=\"index, follow, max-snippet:-1, max-image-preview:large, max-video-preview:-1\" \/>\n<link rel=\"canonical\" href=\"https:\/\/elmersgardsbutik.se\/fi\/meista\/\" \/>\n<meta property=\"og:locale\" content=\"fi_FI\" \/>\n<meta property=\"og:type\" content=\"article\" \/>\n<meta property=\"og:title\" content=\"Meist\u00e4 - Elmersgardsbutik\" \/>\n<meta property=\"og:description\" content=\"Pesula Lantbruk on Pelle ja \u00c5sa Pesulan sek\u00e4 heid\u00e4n poikiensa Gustavin ja Vilhelmin johtama perheyritys. Maatila sijaitsee \u00d6vre Kukkolassa Torniolaaksossa noin 2,5 km Haaparannasta pohjoiseen...\" \/>\n<meta property=\"og:url\" content=\"https:\/\/elmersgardsbutik.se\/fi\/meista\/\" \/>\n<meta property=\"og:site_name\" content=\"Elmersgardsbutik\" \/>\n<meta property=\"article:modified_time\" content=\"2020-09-23T11:21:42+00:00\" \/>\n<meta property=\"og:image\" content=\"https:\/\/elmersgardsbutik.se\/wp-content\/uploads\/2020\/09\/EUlogo_c_RGB.jpg\" \/>\n<meta name=\"twitter:card\" content=\"summary_large_image\" \/>\n<meta name=\"twitter:label1\" content=\"Arvioitu lukuaika\" \/>\n\t<meta name=\"twitter:data1\" content=\"1 minuutti\" \/>\n<script type=\"application\/ld+json\" class=\"yoast-schema-graph\">{\"@context\":\"https:\\\/\\\/schema.org\",\"@graph\":[{\"@type\":\"WebPage\",\"@id\":\"https:\\\/\\\/elmersgardsbutik.se\\\/fi\\\/meista\\\/\",\"url\":\"https:\\\/\\\/elmersgardsbutik.se\\\/fi\\\/meista\\\/\",\"name\":\"Meist\u00e4 - Elmersgardsbutik\",\"isPartOf\":{\"@id\":\"https:\\\/\\\/elmersgardsbutik.se\\\/#website\"},\"primaryImageOfPage\":{\"@id\":\"https:\\\/\\\/elmersgardsbutik.se\\\/fi\\\/meista\\\/#primaryimage\"},\"image\":{\"@id\":\"https:\\\/\\\/elmersgardsbutik.se\\\/fi\\\/meista\\\/#primaryimage\"},\"thumbnailUrl\":\"https:\\\/\\\/elmersgardsbutik.se\\\/wp-content\\\/uploads\\\/2020\\\/09\\\/EUlogo_c_RGB.jpg\",\"datePublished\":\"2020-09-23T06:39:08+00:00\",\"dateModified\":\"2020-09-23T11:21:42+00:00\",\"breadcrumb\":{\"@id\":\"https:\\\/\\\/elmersgardsbutik.se\\\/fi\\\/meista\\\/#breadcrumb\"},\"inLanguage\":\"fi\",\"potentialAction\":[{\"@type\":\"ReadAction\",\"target\":[\"https:\\\/\\\/elmersgardsbutik.se\\\/fi\\\/meista\\\/\"]}]},{\"@type\":\"ImageObject\",\"inLanguage\":\"fi\",\"@id\":\"https:\\\/\\\/elmersgardsbutik.se\\\/fi\\\/meista\\\/#primaryimage\",\"url\":\"https:\\\/\\\/elmersgardsbutik.se\\\/wp-content\\\/uploads\\\/2020\\\/09\\\/EUlogo_c_RGB.jpg\",\"contentUrl\":\"https:\\\/\\\/elmersgardsbutik.se\\\/wp-content\\\/uploads\\\/2020\\\/09\\\/EUlogo_c_RGB.jpg\"},{\"@type\":\"BreadcrumbList\",\"@id\":\"https:\\\/\\\/elmersgardsbutik.se\\\/fi\\\/meista\\\/#breadcrumb\",\"itemListElement\":[{\"@type\":\"ListItem\",\"position\":1,\"name\":\"Hem\",\"item\":\"https:\\\/\\\/elmersgardsbutik.se\\\/fi\\\/\"},{\"@type\":\"ListItem\",\"position\":2,\"name\":\"Meist\u00e4\"}]},{\"@type\":\"WebSite\",\"@id\":\"https:\\\/\\\/elmersgardsbutik.se\\\/#website\",\"url\":\"https:\\\/\\\/elmersgardsbutik.se\\\/\",\"name\":\"Elmersgardsbutik\",\"description\":\"Pesula Lantbruk, Rybsolja\",\"publisher\":{\"@id\":\"https:\\\/\\\/elmersgardsbutik.se\\\/#organization\"},\"potentialAction\":[{\"@type\":\"SearchAction\",\"target\":{\"@type\":\"EntryPoint\",\"urlTemplate\":\"https:\\\/\\\/elmersgardsbutik.se\\\/?s={search_term_string}\"},\"query-input\":{\"@type\":\"PropertyValueSpecification\",\"valueRequired\":true,\"valueName\":\"search_term_string\"}}],\"inLanguage\":\"fi\"},{\"@type\":\"Organization\",\"@id\":\"https:\\\/\\\/elmersgardsbutik.se\\\/#organization\",\"name\":\"Pesulas Lantbruk AB\",\"url\":\"https:\\\/\\\/elmersgardsbutik.se\\\/\",\"logo\":{\"@type\":\"ImageObject\",\"inLanguage\":\"fi\",\"@id\":\"https:\\\/\\\/elmersgardsbutik.se\\\/#\\\/schema\\\/logo\\\/image\\\/\",\"url\":\"https:\\\/\\\/elmersgardsbutik.se\\\/wp-content\\\/uploads\\\/2020\\\/08\\\/favicon.png\",\"contentUrl\":\"https:\\\/\\\/elmersgardsbutik.se\\\/wp-content\\\/uploads\\\/2020\\\/08\\\/favicon.png\",\"width\":512,\"height\":512,\"caption\":\"Pesulas Lantbruk AB\"},\"image\":{\"@id\":\"https:\\\/\\\/elmersgardsbutik.se\\\/#\\\/schema\\\/logo\\\/image\\\/\"}}]}<\/script>\n<!-- \/ Yoast SEO plugin. -->","yoast_head_json":{"title":"Meist\u00e4 - Elmersgardsbutik","robots":{"index":"index","follow":"follow","max-snippet":"max-snippet:-1","max-image-preview":"max-image-preview:large","max-video-preview":"max-video-preview:-1"},"canonical":"https:\/\/elmersgardsbutik.se\/fi\/meista\/","og_locale":"fi_FI","og_type":"article","og_title":"Meist\u00e4 - Elmersgardsbutik","og_description":"Pesula Lantbruk on Pelle ja \u00c5sa Pesulan sek\u00e4 heid\u00e4n poikiensa Gustavin ja Vilhelmin johtama perheyritys. Maatila sijaitsee \u00d6vre Kukkolassa Torniolaaksossa noin 2,5 km Haaparannasta pohjoiseen...","og_url":"https:\/\/elmersgardsbutik.se\/fi\/meista\/","og_site_name":"Elmersgardsbutik","article_modified_time":"2020-09-23T11:21:42+00:00","og_image":[{"url":"https:\/\/elmersgardsbutik.se\/wp-content\/uploads\/2020\/09\/EUlogo_c_RGB.jpg","type":"","width":"","height":""}],"twitter_card":"summary_large_image","twitter_misc":{"Arvioitu lukuaika":"1 minuutti"},"schema":{"@context":"https:\/\/schema.org","@graph":[{"@type":"WebPage","@id":"https:\/\/elmersgardsbutik.se\/fi\/meista\/","url":"https:\/\/elmersgardsbutik.se\/fi\/meista\/","name":"Meist\u00e4 - Elmersgardsbutik","isPartOf":{"@id":"https:\/\/elmersgardsbutik.se\/#website"},"primaryImageOfPage":{"@id":"https:\/\/elmersgardsbutik.se\/fi\/meista\/#primaryimage"},"image":{"@id":"https:\/\/elmersgardsbutik.se\/fi\/meista\/#primaryimage"},"thumbnailUrl":"https:\/\/elmersgardsbutik.se\/wp-content\/uploads\/2020\/09\/EUlogo_c_RGB.jpg","datePublished":"2020-09-23T06:39:08+00:00","dateModified":"2020-09-23T11:21:42+00:00","breadcrumb":{"@id":"https:\/\/elmersgardsbutik.se\/fi\/meista\/#breadcrumb"},"inLanguage":"fi","potentialAction":[{"@type":"ReadAction","target":["https:\/\/elmersgardsbutik.se\/fi\/meista\/"]}]},{"@type":"ImageObject","inLanguage":"fi","@id":"https:\/\/elmersgardsbutik.se\/fi\/meista\/#primaryimage","url":"https:\/\/elmersgardsbutik.se\/wp-content\/uploads\/2020\/09\/EUlogo_c_RGB.jpg","contentUrl":"https:\/\/elmersgardsbutik.se\/wp-content\/uploads\/2020\/09\/EUlogo_c_RGB.jpg"},{"@type":"BreadcrumbList","@id":"https:\/\/elmersgardsbutik.se\/fi\/meista\/#breadcrumb","itemListElement":[{"@type":"ListItem","position":1,"name":"Hem","item":"https:\/\/elmersgardsbutik.se\/fi\/"},{"@type":"ListItem","position":2,"name":"Meist\u00e4"}]},{"@type":"WebSite","@id":"https:\/\/elmersgardsbutik.se\/#website","url":"https:\/\/elmersgardsbutik.se\/","name":"Elmersgardsbutik","description":"Pesula Lantbruk, Rybsolja","publisher":{"@id":"https:\/\/elmersgardsbutik.se\/#organization"},"potentialAction":[{"@type":"SearchAction","target":{"@type":"EntryPoint","urlTemplate":"https:\/\/elmersgardsbutik.se\/?s={search_term_string}"},"query-input":{"@type":"PropertyValueSpecification","valueRequired":true,"valueName":"search_term_string"}}],"inLanguage":"fi"},{"@type":"Organization","@id":"https:\/\/elmersgardsbutik.se\/#organization","name":"Pesulas Lantbruk AB","url":"https:\/\/elmersgardsbutik.se\/","logo":{"@type":"ImageObject","inLanguage":"fi","@id":"https:\/\/elmersgardsbutik.se\/#\/schema\/logo\/image\/","url":"https:\/\/elmersgardsbutik.se\/wp-content\/uploads\/2020\/08\/favicon.png","contentUrl":"https:\/\/elmersgardsbutik.se\/wp-content\/uploads\/2020\/08\/favicon.png","width":512,"height":512,"caption":"Pesulas Lantbruk AB"},"image":{"@id":"https:\/\/elmersgardsbutik.se\/#\/schema\/logo\/image\/"}}]}},"_links":{"self":[{"href":"https:\/\/elmersgardsbutik.se\/fi\/wp-json\/wp\/v2\/pages\/224","targetHints":{"allow":["GET"]}}],"collection":[{"href":"https:\/\/elmersgardsbutik.se\/fi\/wp-json\/wp\/v2\/pages"}],"about":[{"href":"https:\/\/elmersgardsbutik.se\/fi\/wp-json\/wp\/v2\/types\/page"}],"author":[{"embeddable":true,"href":"https:\/\/elmersgardsbutik.se\/fi\/wp-json\/wp\/v2\/users\/1"}],"replies":[{"embeddable":true,"href":"https:\/\/elmersgardsbutik.se\/fi\/wp-json\/wp\/v2\/comments?post=224"}],"version-history":[{"count":3,"href":"https:\/\/elmersgardsbutik.se\/fi\/wp-json\/wp\/v2\/pages\/224\/revisions"}],"predecessor-version":[{"id":251,"href":"https:\/\/elmersgardsbutik.se\/fi\/wp-json\/wp\/v2\/pages\/224\/revisions\/251"}],"wp:attachment":[{"href":"https:\/\/elmersgardsbutik.se\/fi\/wp-json\/wp\/v2\/media?parent=224"}],"curies":[{"name":"wp","href":"https:\/\/api.w.org\/{rel}","templated":true}]}}