{"id":226,"date":"2020-09-23T08:50:24","date_gmt":"2020-09-23T06:50:24","guid":{"rendered":"https:\/\/elmersgardsbutik.se\/?page_id=226"},"modified":"2021-01-19T14:44:03","modified_gmt":"2021-01-19T13:44:03","slug":"koti","status":"publish","type":"page","link":"https:\/\/elmersgardsbutik.se\/fi\/","title":{"rendered":"Koti"},"content":{"rendered":"\r\n<section id=\"custom-cover-block-block_5f4661372e6d8\" class=\"custom-cover-block alignfull\">\r\n    <div class=\"header-image alignfull\">\r\n                                                    \r\n        <img decoding=\"async\" class=\"custom-cover-image\" alt=\"\" \r\n        src=\"https:\/\/elmersgardsbutik.se\/wp-content\/uploads\/2020\/09\/IMG_11271-480x480.jpg\"\r\n        srcset=\"https:\/\/elmersgardsbutik.se\/wp-content\/uploads\/2020\/09\/IMG_11271-480x480.jpg 480w, \r\n                https:\/\/elmersgardsbutik.se\/wp-content\/uploads\/2020\/09\/IMG_11271-960x1080.jpg 960w,\r\n                https:\/\/elmersgardsbutik.se\/wp-content\/uploads\/2020\/09\/IMG_11271-1920x800.jpg 1920w\"\/>\r\n\r\n        <div class=\"container\">\r\n                            <h1 class=\"page-title\">Pesulan Maatila &amp; Elmerin Maatila kauppa<\/h1>\r\n            \r\n                            <p class=\"page-text\">Tervetuloa makuel\u00e4mykseen Tornionlaaksossa. Meid\u00e4t l\u00f6yd\u00e4t Kukkolasta joka sijaitsee kauniilla Torniojoella.<\/p>\r\n            \r\n                    <\/div>\r\n    <\/div>\r\n<\/section>\n\n\r\n<section id=\"product-categories-block_5f5f14c7cc3dd\" class=\"product-categories alignfull\">\r\n    <div class=\"container\">\r\n                    \r\n                                                            <a class=\"page-link\" href=\"https:\/\/elmersgardsbutik.se\/fi\/tuote-kategoria\/rypsioljy\/\">\r\n                     \r\n\r\n                    <div class=\"product-category\">\r\n                                                \r\n                        <img decoding=\"async\" class=\"category-image\" src=\"https:\/\/elmersgardsbutik.se\/wp-content\/uploads\/2020\/09\/Rybsfa\u0308lt-640x640.jpg\" alt=\"\" \/>\r\n\r\n                        <div class=\"product-category-content\">\r\n                             \r\n                                <div class=\"product-categories-title\">\r\n                                    <h2 class=\"product-categories-heading\">Rypsi\u00f6ljy<\/h2>\r\n                                <\/div>\r\n                            \r\n                                                    <\/div>\r\n                    <\/div>\r\n\r\n                \t\r\n                    <\/a>\r\n                 \r\n\r\n            \r\n                                                            <a class=\"page-link\" href=\"https:\/\/elmersgardsbutik.se\/fi\/tuote-kategoria\/sinappi\/\">\r\n                     \r\n\r\n                    <div class=\"product-category\">\r\n                                                \r\n                        <img decoding=\"async\" class=\"category-image\" src=\"https:\/\/elmersgardsbutik.se\/wp-content\/uploads\/2020\/09\/Senapsblommor-640x640.jpg\" alt=\"\" \/>\r\n\r\n                        <div class=\"product-category-content\">\r\n                             \r\n                                <div class=\"product-categories-title\">\r\n                                    <h2 class=\"product-categories-heading\">Sinappi<\/h2>\r\n                                <\/div>\r\n                            \r\n                                                    <\/div>\r\n                    <\/div>\r\n\r\n                \t\r\n                    <\/a>\r\n                 \r\n\r\n            \r\n                                                            <a class=\"page-link\" href=\"https:\/\/elmersgardsbutik.se\/fi\/tuote-kategoria\/leipa\/\">\r\n                     \r\n\r\n                    <div class=\"product-category\">\r\n                                                \r\n                        <img decoding=\"async\" class=\"category-image\" src=\"https:\/\/elmersgardsbutik.se\/wp-content\/uploads\/2020\/09\/IMG_3994-640x640.jpg\" alt=\"\" \/>\r\n\r\n                        <div class=\"product-category-content\">\r\n                             \r\n                                <div class=\"product-categories-title\">\r\n                                    <h2 class=\"product-categories-heading\">Leip\u00e4<\/h2>\r\n                                <\/div>\r\n                            \r\n                                                    <\/div>\r\n                    <\/div>\r\n\r\n                \t\r\n                    <\/a>\r\n                 \r\n\r\n            \r\n                                                            <a class=\"page-link\" href=\"https:\/\/elmersgardsbutik.se\/fi\/meista\/\">\r\n                     \r\n\r\n                    <div class=\"product-category\">\r\n                                                \r\n                        <img decoding=\"async\" class=\"category-image\" src=\"https:\/\/elmersgardsbutik.se\/wp-content\/uploads\/2020\/09\/IMG_0625-640x640.jpg\" alt=\"\" \/>\r\n\r\n                        <div class=\"product-category-content\">\r\n                             \r\n                                <div class=\"product-categories-title\">\r\n                                    <h2 class=\"product-categories-heading\">Meist\u00e4<\/h2>\r\n                                <\/div>\r\n                            \r\n                                                    <\/div>\r\n                    <\/div>\r\n\r\n                \t\r\n                    <\/a>\r\n                 \r\n\r\n               \r\n            <\/div>\r\n<\/section>\n\n<div class=\"wp-block-heading\">\n<h2 class=\"has-text-align-center wp-block-heading\">Pesulan Sinappi<\/h2>\n<\/div>\n\n\r\n<section id=\"custom-product-picker-block_5f6b39a6a704b\" class=\"custom-product-picker alignfull\">\r\n    <div class=\"product-container\">\r\n                    \r\n                \r\n                                            <ul class=\"products columns-4\">\r\n                            <li class=\"product type-product post-307 status-publish first instock product_cat-sinappi has-post-thumbnail taxable shipping-taxable purchasable product-type-simple\">\n\t<a href=\"https:\/\/elmersgardsbutik.se\/fi\/tuote\/puolukkasinappi\/\" class=\"woocommerce-LoopProduct-link woocommerce-loop-product__link\"><img loading=\"lazy\" decoding=\"async\" width=\"400\" height=\"400\" src=\"https:\/\/elmersgardsbutik.se\/wp-content\/uploads\/2020\/11\/IMG_8048-400x400.png\" class=\"attachment-woocommerce_thumbnail size-woocommerce_thumbnail\" alt=\"Puolukka sinappi\" srcset=\"https:\/\/elmersgardsbutik.se\/wp-content\/uploads\/2020\/11\/IMG_8048-400x400.png 400w, https:\/\/elmersgardsbutik.se\/wp-content\/uploads\/2020\/11\/IMG_8048-300x300.png 300w, https:\/\/elmersgardsbutik.se\/wp-content\/uploads\/2020\/11\/IMG_8048-150x150.png 150w, https:\/\/elmersgardsbutik.se\/wp-content\/uploads\/2020\/11\/IMG_8048-768x768.png 768w, https:\/\/elmersgardsbutik.se\/wp-content\/uploads\/2020\/11\/IMG_8048-480x480.png 480w, https:\/\/elmersgardsbutik.se\/wp-content\/uploads\/2020\/11\/IMG_8048-640x640.png 640w, https:\/\/elmersgardsbutik.se\/wp-content\/uploads\/2020\/11\/IMG_8048-720x720.png 720w, https:\/\/elmersgardsbutik.se\/wp-content\/uploads\/2020\/11\/IMG_8048-100x100.png 100w, https:\/\/elmersgardsbutik.se\/wp-content\/uploads\/2020\/11\/IMG_8048.png 960w\" sizes=\"auto, (max-width: 400px) 100vw, 400px\" \/><h2 class=\"woocommerce-loop-product__title\">Puolukka sinappi<\/h2>\n\t<span class=\"price\"><span class=\"woocommerce-Price-amount amount\"><bdi>8,00&nbsp;<span class=\"woocommerce-Price-currencySymbol\">&euro;<\/span><\/bdi><\/span><\/span>\n<\/a><a href=\"\/fi\/wp-json\/wp\/v2\/pages\/226?add-to-cart=307\" aria-describedby=\"woocommerce_loop_add_to_cart_link_describedby_307\" data-quantity=\"1\" class=\"button product_type_simple add_to_cart_button ajax_add_to_cart\" data-product_id=\"307\" data-product_sku=\"\" aria-label=\"Lis\u00e4\u00e4 ostoskoriin: &ldquo;Puolukka sinappi&rdquo;\" rel=\"nofollow\" data-success_message=\"&ldquo;Puolukka sinappi&rdquo; on lis\u00e4tty ostoskoriin\" role=\"button\">Lis\u00e4\u00e4 ostoskoriin<\/a>\t<span id=\"woocommerce_loop_add_to_cart_link_describedby_307\" class=\"screen-reader-text\">\n\t\t\t<\/span>\n<\/li>\n<li class=\"product type-product post-212 status-publish instock product_cat-sinappi has-post-thumbnail taxable shipping-taxable purchasable product-type-simple\">\n\t<a href=\"https:\/\/elmersgardsbutik.se\/fi\/tuote\/chili-sinappi\/\" class=\"woocommerce-LoopProduct-link woocommerce-loop-product__link\"><img loading=\"lazy\" decoding=\"async\" width=\"400\" height=\"400\" src=\"https:\/\/elmersgardsbutik.se\/wp-content\/uploads\/2020\/09\/IMG_6959-400x400.jpg\" class=\"attachment-woocommerce_thumbnail size-woocommerce_thumbnail\" alt=\"Pesula Chilisenap\" srcset=\"https:\/\/elmersgardsbutik.se\/wp-content\/uploads\/2020\/09\/IMG_6959-400x400.jpg 400w, https:\/\/elmersgardsbutik.se\/wp-content\/uploads\/2020\/09\/IMG_6959-300x300.jpg 300w, https:\/\/elmersgardsbutik.se\/wp-content\/uploads\/2020\/09\/IMG_6959-150x150.jpg 150w, https:\/\/elmersgardsbutik.se\/wp-content\/uploads\/2020\/09\/IMG_6959-768x768.jpg 768w, https:\/\/elmersgardsbutik.se\/wp-content\/uploads\/2020\/09\/IMG_6959-480x480.jpg 480w, https:\/\/elmersgardsbutik.se\/wp-content\/uploads\/2020\/09\/IMG_6959-640x640.jpg 640w, https:\/\/elmersgardsbutik.se\/wp-content\/uploads\/2020\/09\/IMG_6959-720x720.jpg 720w, https:\/\/elmersgardsbutik.se\/wp-content\/uploads\/2020\/09\/IMG_6959-100x100.jpg 100w, https:\/\/elmersgardsbutik.se\/wp-content\/uploads\/2020\/09\/IMG_6959.jpg 960w\" sizes=\"auto, (max-width: 400px) 100vw, 400px\" \/><h2 class=\"woocommerce-loop-product__title\">Chili sinappi<\/h2>\n\t<span class=\"price\"><span class=\"woocommerce-Price-amount amount\"><bdi>8,00&nbsp;<span class=\"woocommerce-Price-currencySymbol\">&euro;<\/span><\/bdi><\/span><\/span>\n<\/a><a href=\"\/fi\/wp-json\/wp\/v2\/pages\/226?add-to-cart=212\" aria-describedby=\"woocommerce_loop_add_to_cart_link_describedby_212\" data-quantity=\"1\" class=\"button product_type_simple add_to_cart_button ajax_add_to_cart\" data-product_id=\"212\" data-product_sku=\"\" aria-label=\"Lis\u00e4\u00e4 ostoskoriin: &ldquo;Chili sinappi&rdquo;\" rel=\"nofollow\" data-success_message=\"&ldquo;Chili sinappi&rdquo; on lis\u00e4tty ostoskoriin\" role=\"button\">Lis\u00e4\u00e4 ostoskoriin<\/a>\t<span id=\"woocommerce_loop_add_to_cart_link_describedby_212\" class=\"screen-reader-text\">\n\t\t\t<\/span>\n<\/li>\n<li class=\"product type-product post-209 status-publish instock product_cat-sinappi has-post-thumbnail taxable shipping-taxable purchasable product-type-simple\">\n\t<a href=\"https:\/\/elmersgardsbutik.se\/fi\/tuote\/pikklattuja-sinapinsiemenia\/\" class=\"woocommerce-LoopProduct-link woocommerce-loop-product__link\"><img loading=\"lazy\" decoding=\"async\" width=\"400\" height=\"400\" src=\"https:\/\/elmersgardsbutik.se\/wp-content\/uploads\/2020\/09\/IMG_6956-400x400.jpg\" class=\"attachment-woocommerce_thumbnail size-woocommerce_thumbnail\" alt=\"Pikklattuja sinapinsiemeni\u00e4\" srcset=\"https:\/\/elmersgardsbutik.se\/wp-content\/uploads\/2020\/09\/IMG_6956-400x400.jpg 400w, https:\/\/elmersgardsbutik.se\/wp-content\/uploads\/2020\/09\/IMG_6956-300x300.jpg 300w, https:\/\/elmersgardsbutik.se\/wp-content\/uploads\/2020\/09\/IMG_6956-150x150.jpg 150w, https:\/\/elmersgardsbutik.se\/wp-content\/uploads\/2020\/09\/IMG_6956-768x768.jpg 768w, https:\/\/elmersgardsbutik.se\/wp-content\/uploads\/2020\/09\/IMG_6956-480x480.jpg 480w, https:\/\/elmersgardsbutik.se\/wp-content\/uploads\/2020\/09\/IMG_6956-640x640.jpg 640w, https:\/\/elmersgardsbutik.se\/wp-content\/uploads\/2020\/09\/IMG_6956-720x720.jpg 720w, https:\/\/elmersgardsbutik.se\/wp-content\/uploads\/2020\/09\/IMG_6956-100x100.jpg 100w, https:\/\/elmersgardsbutik.se\/wp-content\/uploads\/2020\/09\/IMG_6956.jpg 960w\" sizes=\"auto, (max-width: 400px) 100vw, 400px\" \/><h2 class=\"woocommerce-loop-product__title\">Pikklattuja sinapinsiemeni\u00e4<\/h2>\n\t<span class=\"price\"><span class=\"woocommerce-Price-amount amount\"><bdi>8,00&nbsp;<span class=\"woocommerce-Price-currencySymbol\">&euro;<\/span><\/bdi><\/span><\/span>\n<\/a><a href=\"\/fi\/wp-json\/wp\/v2\/pages\/226?add-to-cart=209\" aria-describedby=\"woocommerce_loop_add_to_cart_link_describedby_209\" data-quantity=\"1\" class=\"button product_type_simple add_to_cart_button ajax_add_to_cart\" data-product_id=\"209\" data-product_sku=\"\" aria-label=\"Lis\u00e4\u00e4 ostoskoriin: &ldquo;Pikklattuja sinapinsiemeni\u00e4&rdquo;\" rel=\"nofollow\" data-success_message=\"&ldquo;Pikklattuja sinapinsiemeni\u00e4&rdquo; on lis\u00e4tty ostoskoriin\" role=\"button\">Lis\u00e4\u00e4 ostoskoriin<\/a>\t<span id=\"woocommerce_loop_add_to_cart_link_describedby_209\" class=\"screen-reader-text\">\n\t\t\t<\/span>\n<\/li>\n<li class=\"product type-product post-206 status-publish last instock product_cat-sinappi has-post-thumbnail taxable shipping-taxable purchasable product-type-simple\">\n\t<a href=\"https:\/\/elmersgardsbutik.se\/fi\/tuote\/savustettu-sinappi\/\" class=\"woocommerce-LoopProduct-link woocommerce-loop-product__link\"><img loading=\"lazy\" decoding=\"async\" width=\"400\" height=\"400\" src=\"https:\/\/elmersgardsbutik.se\/wp-content\/uploads\/2020\/09\/IMG_6933-400x400.jpg\" class=\"attachment-woocommerce_thumbnail size-woocommerce_thumbnail\" alt=\"Savustettu sinappi\" srcset=\"https:\/\/elmersgardsbutik.se\/wp-content\/uploads\/2020\/09\/IMG_6933-400x400.jpg 400w, https:\/\/elmersgardsbutik.se\/wp-content\/uploads\/2020\/09\/IMG_6933-300x300.jpg 300w, https:\/\/elmersgardsbutik.se\/wp-content\/uploads\/2020\/09\/IMG_6933-150x150.jpg 150w, https:\/\/elmersgardsbutik.se\/wp-content\/uploads\/2020\/09\/IMG_6933-768x768.jpg 768w, https:\/\/elmersgardsbutik.se\/wp-content\/uploads\/2020\/09\/IMG_6933-480x480.jpg 480w, https:\/\/elmersgardsbutik.se\/wp-content\/uploads\/2020\/09\/IMG_6933-640x640.jpg 640w, https:\/\/elmersgardsbutik.se\/wp-content\/uploads\/2020\/09\/IMG_6933-720x720.jpg 720w, https:\/\/elmersgardsbutik.se\/wp-content\/uploads\/2020\/09\/IMG_6933-100x100.jpg 100w, https:\/\/elmersgardsbutik.se\/wp-content\/uploads\/2020\/09\/IMG_6933.jpg 960w\" sizes=\"auto, (max-width: 400px) 100vw, 400px\" \/><h2 class=\"woocommerce-loop-product__title\">Savustettu sinappi<\/h2>\n\t<span class=\"price\"><span class=\"woocommerce-Price-amount amount\"><bdi>8,00&nbsp;<span class=\"woocommerce-Price-currencySymbol\">&euro;<\/span><\/bdi><\/span><\/span>\n<\/a><a href=\"\/fi\/wp-json\/wp\/v2\/pages\/226?add-to-cart=206\" aria-describedby=\"woocommerce_loop_add_to_cart_link_describedby_206\" data-quantity=\"1\" class=\"button product_type_simple add_to_cart_button ajax_add_to_cart\" data-product_id=\"206\" data-product_sku=\"\" aria-label=\"Lis\u00e4\u00e4 ostoskoriin: &ldquo;Savustettu sinappi&rdquo;\" rel=\"nofollow\" data-success_message=\"&ldquo;Savustettu sinappi&rdquo; on lis\u00e4tty ostoskoriin\" role=\"button\">Lis\u00e4\u00e4 ostoskoriin<\/a>\t<span id=\"woocommerce_loop_add_to_cart_link_describedby_206\" class=\"screen-reader-text\">\n\t\t\t<\/span>\n<\/li>\n                        <\/ul>\r\n                    \r\n               \r\n            <\/div>\r\n<\/section>\n\n\r\n<section id=\"product-teaser-block_5f5f1b6c02940\" class=\"product-teaser alignfull\">\r\n    <div class=\"container\">\r\n                                        \r\n         \r\n            <img decoding=\"async\" class=\"product-teaser-image\" alt=\"\" \r\n            src=\"https:\/\/elmersgardsbutik.se\/wp-content\/uploads\/2020\/09\/IMG_0977-480x480.jpg\"\r\n            srcset=\"https:\/\/elmersgardsbutik.se\/wp-content\/uploads\/2020\/09\/IMG_0977-480x480.jpg 480w, \r\n                    https:\/\/elmersgardsbutik.se\/wp-content\/uploads\/2020\/09\/IMG_0977-960x1080.jpg 960w,\r\n                    https:\/\/elmersgardsbutik.se\/wp-content\/uploads\/2020\/09\/IMG_0977-1920x800.jpg 1920w\"\/>\r\n        \r\n        <div class=\"container\">\r\n             \r\n                <p class=\"product-teaser-tag\">Olisiko kysymyksi\u00e4?<\/p>\r\n                \r\n            \r\n             \r\n                <h4 class=\"product-teaser-heading\">Ole meihin yhteydess\u00e4<\/h4>\r\n              \r\n            \r\n                            \r\n                            <a href=\"https:\/\/elmersgardsbutik.se\/fi\/yhteydenotto\/\" class=\"btn\">Yhteydenotto<\/a>\r\n             \r\n        <\/div>\r\n    <\/div>\r\n<\/section>","protected":false},"excerpt":{"rendered":"<p>Pesulan Sinappi<\/p>\n","protected":false},"author":1,"featured_media":0,"parent":0,"menu_order":0,"comment_status":"closed","ping_status":"closed","template":"template-home.php","meta":{"_acf_changed":false,"footnotes":""},"class_list":["post-226","page","type-page","status-publish","hentry"],"acf":[],"yoast_head":"<!-- This site is optimized with the Yoast SEO plugin v27.3 - https:\/\/yoast.com\/product\/yoast-seo-wordpress\/ -->\n<title>Koti - Elmersgardsbutik<\/title>\n<meta name=\"robots\" content=\"index, follow, max-snippet:-1, max-image-preview:large, max-video-preview:-1\" \/>\n<link rel=\"canonical\" href=\"https:\/\/elmersgardsbutik.se\/fi\/\" \/>\n<meta property=\"og:locale\" content=\"fi_FI\" \/>\n<meta property=\"og:type\" content=\"article\" \/>\n<meta property=\"og:title\" content=\"Koti - Elmersgardsbutik\" \/>\n<meta property=\"og:description\" content=\"Pesulan Sinappi\" \/>\n<meta property=\"og:url\" content=\"https:\/\/elmersgardsbutik.se\/fi\/\" \/>\n<meta property=\"og:site_name\" content=\"Elmersgardsbutik\" \/>\n<meta property=\"article:modified_time\" content=\"2021-01-19T13:44:03+00:00\" \/>\n<meta name=\"twitter:card\" content=\"summary_large_image\" \/>\n<meta name=\"twitter:label1\" content=\"Arvioitu lukuaika\" \/>\n\t<meta name=\"twitter:data1\" content=\"1 minuutti\" \/>\n<script type=\"application\/ld+json\" class=\"yoast-schema-graph\">{\"@context\":\"https:\\\/\\\/schema.org\",\"@graph\":[{\"@type\":\"WebPage\",\"@id\":\"https:\\\/\\\/elmersgardsbutik.se\\\/fi\\\/\",\"url\":\"https:\\\/\\\/elmersgardsbutik.se\\\/fi\\\/\",\"name\":\"Koti - Elmersgardsbutik\",\"isPartOf\":{\"@id\":\"https:\\\/\\\/elmersgardsbutik.se\\\/#website\"},\"datePublished\":\"2020-09-23T06:50:24+00:00\",\"dateModified\":\"2021-01-19T13:44:03+00:00\",\"breadcrumb\":{\"@id\":\"https:\\\/\\\/elmersgardsbutik.se\\\/fi\\\/#breadcrumb\"},\"inLanguage\":\"fi\",\"potentialAction\":[{\"@type\":\"ReadAction\",\"target\":[\"https:\\\/\\\/elmersgardsbutik.se\\\/fi\\\/\"]}]},{\"@type\":\"BreadcrumbList\",\"@id\":\"https:\\\/\\\/elmersgardsbutik.se\\\/fi\\\/#breadcrumb\",\"itemListElement\":[{\"@type\":\"ListItem\",\"position\":1,\"name\":\"Hem\",\"item\":\"https:\\\/\\\/elmersgardsbutik.se\\\/fi\\\/\"},{\"@type\":\"ListItem\",\"position\":2,\"name\":\"Koti\"}]},{\"@type\":\"WebSite\",\"@id\":\"https:\\\/\\\/elmersgardsbutik.se\\\/#website\",\"url\":\"https:\\\/\\\/elmersgardsbutik.se\\\/\",\"name\":\"Elmersgardsbutik\",\"description\":\"Pesula Lantbruk, Rybsolja\",\"publisher\":{\"@id\":\"https:\\\/\\\/elmersgardsbutik.se\\\/#organization\"},\"potentialAction\":[{\"@type\":\"SearchAction\",\"target\":{\"@type\":\"EntryPoint\",\"urlTemplate\":\"https:\\\/\\\/elmersgardsbutik.se\\\/?s={search_term_string}\"},\"query-input\":{\"@type\":\"PropertyValueSpecification\",\"valueRequired\":true,\"valueName\":\"search_term_string\"}}],\"inLanguage\":\"fi\"},{\"@type\":\"Organization\",\"@id\":\"https:\\\/\\\/elmersgardsbutik.se\\\/#organization\",\"name\":\"Pesulas Lantbruk AB\",\"url\":\"https:\\\/\\\/elmersgardsbutik.se\\\/\",\"logo\":{\"@type\":\"ImageObject\",\"inLanguage\":\"fi\",\"@id\":\"https:\\\/\\\/elmersgardsbutik.se\\\/#\\\/schema\\\/logo\\\/image\\\/\",\"url\":\"https:\\\/\\\/elmersgardsbutik.se\\\/wp-content\\\/uploads\\\/2020\\\/08\\\/favicon.png\",\"contentUrl\":\"https:\\\/\\\/elmersgardsbutik.se\\\/wp-content\\\/uploads\\\/2020\\\/08\\\/favicon.png\",\"width\":512,\"height\":512,\"caption\":\"Pesulas Lantbruk AB\"},\"image\":{\"@id\":\"https:\\\/\\\/elmersgardsbutik.se\\\/#\\\/schema\\\/logo\\\/image\\\/\"}}]}<\/script>\n<!-- \/ Yoast SEO plugin. -->","yoast_head_json":{"title":"Koti - Elmersgardsbutik","robots":{"index":"index","follow":"follow","max-snippet":"max-snippet:-1","max-image-preview":"max-image-preview:large","max-video-preview":"max-video-preview:-1"},"canonical":"https:\/\/elmersgardsbutik.se\/fi\/","og_locale":"fi_FI","og_type":"article","og_title":"Koti - Elmersgardsbutik","og_description":"Pesulan Sinappi","og_url":"https:\/\/elmersgardsbutik.se\/fi\/","og_site_name":"Elmersgardsbutik","article_modified_time":"2021-01-19T13:44:03+00:00","twitter_card":"summary_large_image","twitter_misc":{"Arvioitu lukuaika":"1 minuutti"},"schema":{"@context":"https:\/\/schema.org","@graph":[{"@type":"WebPage","@id":"https:\/\/elmersgardsbutik.se\/fi\/","url":"https:\/\/elmersgardsbutik.se\/fi\/","name":"Koti - Elmersgardsbutik","isPartOf":{"@id":"https:\/\/elmersgardsbutik.se\/#website"},"datePublished":"2020-09-23T06:50:24+00:00","dateModified":"2021-01-19T13:44:03+00:00","breadcrumb":{"@id":"https:\/\/elmersgardsbutik.se\/fi\/#breadcrumb"},"inLanguage":"fi","potentialAction":[{"@type":"ReadAction","target":["https:\/\/elmersgardsbutik.se\/fi\/"]}]},{"@type":"BreadcrumbList","@id":"https:\/\/elmersgardsbutik.se\/fi\/#breadcrumb","itemListElement":[{"@type":"ListItem","position":1,"name":"Hem","item":"https:\/\/elmersgardsbutik.se\/fi\/"},{"@type":"ListItem","position":2,"name":"Koti"}]},{"@type":"WebSite","@id":"https:\/\/elmersgardsbutik.se\/#website","url":"https:\/\/elmersgardsbutik.se\/","name":"Elmersgardsbutik","description":"Pesula Lantbruk, Rybsolja","publisher":{"@id":"https:\/\/elmersgardsbutik.se\/#organization"},"potentialAction":[{"@type":"SearchAction","target":{"@type":"EntryPoint","urlTemplate":"https:\/\/elmersgardsbutik.se\/?s={search_term_string}"},"query-input":{"@type":"PropertyValueSpecification","valueRequired":true,"valueName":"search_term_string"}}],"inLanguage":"fi"},{"@type":"Organization","@id":"https:\/\/elmersgardsbutik.se\/#organization","name":"Pesulas Lantbruk AB","url":"https:\/\/elmersgardsbutik.se\/","logo":{"@type":"ImageObject","inLanguage":"fi","@id":"https:\/\/elmersgardsbutik.se\/#\/schema\/logo\/image\/","url":"https:\/\/elmersgardsbutik.se\/wp-content\/uploads\/2020\/08\/favicon.png","contentUrl":"https:\/\/elmersgardsbutik.se\/wp-content\/uploads\/2020\/08\/favicon.png","width":512,"height":512,"caption":"Pesulas Lantbruk AB"},"image":{"@id":"https:\/\/elmersgardsbutik.se\/#\/schema\/logo\/image\/"}}]}},"_links":{"self":[{"href":"https:\/\/elmersgardsbutik.se\/fi\/wp-json\/wp\/v2\/pages\/226","targetHints":{"allow":["GET"]}}],"collection":[{"href":"https:\/\/elmersgardsbutik.se\/fi\/wp-json\/wp\/v2\/pages"}],"about":[{"href":"https:\/\/elmersgardsbutik.se\/fi\/wp-json\/wp\/v2\/types\/page"}],"author":[{"embeddable":true,"href":"https:\/\/elmersgardsbutik.se\/fi\/wp-json\/wp\/v2\/users\/1"}],"replies":[{"embeddable":true,"href":"https:\/\/elmersgardsbutik.se\/fi\/wp-json\/wp\/v2\/comments?post=226"}],"version-history":[{"count":31,"href":"https:\/\/elmersgardsbutik.se\/fi\/wp-json\/wp\/v2\/pages\/226\/revisions"}],"predecessor-version":[{"id":362,"href":"https:\/\/elmersgardsbutik.se\/fi\/wp-json\/wp\/v2\/pages\/226\/revisions\/362"}],"wp:attachment":[{"href":"https:\/\/elmersgardsbutik.se\/fi\/wp-json\/wp\/v2\/media?parent=226"}],"curies":[{"name":"wp","href":"https:\/\/api.w.org\/{rel}","templated":true}]}}