{"id":211,"date":"2020-09-07T19:37:34","date_gmt":"2020-09-07T17:37:34","guid":{"rendered":"https:\/\/elmersgardsbutik.se\/produkt\/rypsioljy-10-cl\/"},"modified":"2020-09-23T14:08:14","modified_gmt":"2020-09-23T12:08:14","slug":"rypsioljy-10-cl","status":"publish","type":"product","link":"https:\/\/elmersgardsbutik.se\/fi\/tuote\/rypsioljy-10-cl\/","title":{"rendered":"Rypsy\u00f6ljy 10 cl"},"content":{"rendered":"<p>Kylm\u00e4puristettu ekologinen rypsy\u00f6ljy<\/p>\n","protected":false},"excerpt":{"rendered":"<p>Rypsy\u00f6ljy kasvatetaan luonnonmukaisesti Pesulan maatilalla. Siin\u00e4 on p\u00e4hkim\u00e4inen maku joka maistuu hyv\u00e4lle salatteihin, marinadeihin, vinegrettin, uunissa pahdettuihin perunoihin ja muihin juureksille. Rypsy\u00f6ljy soveltuu erinomaisesti paistamiseen ja kest\u00e4\u00e4 korkeaa l\u00e4mp\u00f6a<\/p>\n","protected":false},"featured_media":125,"template":"","meta":{"_acf_changed":false},"product_brand":[],"product_cat":[37],"product_tag":[],"class_list":{"0":"post-211","1":"product","2":"type-product","3":"status-publish","4":"has-post-thumbnail","6":"product_cat-rypsioljy","8":"first","9":"instock","10":"taxable","11":"shipping-taxable","12":"purchasable","13":"product-type-simple"},"acf":[],"yoast_head":"<!-- This site is optimized with the Yoast SEO plugin v27.3 - https:\/\/yoast.com\/product\/yoast-seo-wordpress\/ -->\n<title>Rypsy\u00f6ljy 10 cl - Elmersgardsbutik<\/title>\n<meta name=\"robots\" content=\"index, follow, max-snippet:-1, max-image-preview:large, max-video-preview:-1\" \/>\n<link rel=\"canonical\" href=\"https:\/\/elmersgardsbutik.se\/tuote\/rybsolja-10-cl\/\" \/>\n<meta property=\"og:locale\" content=\"fi_FI\" \/>\n<meta property=\"og:type\" content=\"article\" \/>\n<meta property=\"og:title\" content=\"Rypsy\u00f6ljy 10 cl - Elmersgardsbutik\" \/>\n<meta property=\"og:description\" content=\"Rypsy\u00f6ljy kasvatetaan luonnonmukaisesti Pesulan maatilalla. Siin\u00e4 on p\u00e4hkim\u00e4inen maku joka maistuu hyv\u00e4lle salatteihin, marinadeihin, vinegrettin, uunissa pahdettuihin perunoihin ja muihin juureksille. Rypsy\u00f6ljy soveltuu erinomaisesti paistamiseen ja kest\u00e4\u00e4 korkeaa l\u00e4mp\u00f6a\" \/>\n<meta property=\"og:url\" content=\"https:\/\/elmersgardsbutik.se\/tuote\/rybsolja-10-cl\/\" \/>\n<meta property=\"og:site_name\" content=\"Elmersgardsbutik\" \/>\n<meta property=\"article:modified_time\" content=\"2020-09-23T12:08:14+00:00\" \/>\n<meta property=\"og:image\" content=\"https:\/\/elmersgardsbutik.se\/wp-content\/uploads\/2020\/09\/IMG_6926.jpg\" \/>\n\t<meta property=\"og:image:width\" content=\"960\" \/>\n\t<meta property=\"og:image:height\" content=\"960\" \/>\n\t<meta property=\"og:image:type\" content=\"image\/jpeg\" \/>\n<meta name=\"twitter:card\" content=\"summary_large_image\" \/>\n<script type=\"application\/ld+json\" class=\"yoast-schema-graph\">{\"@context\":\"https:\\\/\\\/schema.org\",\"@graph\":[{\"@type\":\"WebPage\",\"@id\":\"https:\\\/\\\/elmersgardsbutik.se\\\/tuote\\\/rybsolja-10-cl\\\/\",\"url\":\"https:\\\/\\\/elmersgardsbutik.se\\\/tuote\\\/rybsolja-10-cl\\\/\",\"name\":\"Rypsy\u00f6ljy 10 cl - Elmersgardsbutik\",\"isPartOf\":{\"@id\":\"https:\\\/\\\/elmersgardsbutik.se\\\/#website\"},\"primaryImageOfPage\":{\"@id\":\"https:\\\/\\\/elmersgardsbutik.se\\\/tuote\\\/rybsolja-10-cl\\\/#primaryimage\"},\"image\":{\"@id\":\"https:\\\/\\\/elmersgardsbutik.se\\\/tuote\\\/rybsolja-10-cl\\\/#primaryimage\"},\"thumbnailUrl\":\"https:\\\/\\\/elmersgardsbutik.se\\\/wp-content\\\/uploads\\\/2020\\\/09\\\/IMG_6926.jpg\",\"datePublished\":\"2020-09-07T17:37:34+00:00\",\"dateModified\":\"2020-09-23T12:08:14+00:00\",\"breadcrumb\":{\"@id\":\"https:\\\/\\\/elmersgardsbutik.se\\\/tuote\\\/rybsolja-10-cl\\\/#breadcrumb\"},\"inLanguage\":\"fi\",\"potentialAction\":[{\"@type\":\"ReadAction\",\"target\":[\"https:\\\/\\\/elmersgardsbutik.se\\\/tuote\\\/rybsolja-10-cl\\\/\"]}]},{\"@type\":\"ImageObject\",\"inLanguage\":\"fi\",\"@id\":\"https:\\\/\\\/elmersgardsbutik.se\\\/tuote\\\/rybsolja-10-cl\\\/#primaryimage\",\"url\":\"https:\\\/\\\/elmersgardsbutik.se\\\/wp-content\\\/uploads\\\/2020\\\/09\\\/IMG_6926.jpg\",\"contentUrl\":\"https:\\\/\\\/elmersgardsbutik.se\\\/wp-content\\\/uploads\\\/2020\\\/09\\\/IMG_6926.jpg\",\"width\":960,\"height\":960},{\"@type\":\"BreadcrumbList\",\"@id\":\"https:\\\/\\\/elmersgardsbutik.se\\\/tuote\\\/rybsolja-10-cl\\\/#breadcrumb\",\"itemListElement\":[{\"@type\":\"ListItem\",\"position\":1,\"name\":\"Hem\",\"item\":\"https:\\\/\\\/elmersgardsbutik.se\\\/fi\\\/\"},{\"@type\":\"ListItem\",\"position\":2,\"name\":\"Tuotteet\",\"item\":\"https:\\\/\\\/elmersgardsbutik.se\\\/fi\\\/tuotteet\\\/\"},{\"@type\":\"ListItem\",\"position\":3,\"name\":\"Rypsy\u00f6ljy 10 cl\"}]},{\"@type\":\"WebSite\",\"@id\":\"https:\\\/\\\/elmersgardsbutik.se\\\/#website\",\"url\":\"https:\\\/\\\/elmersgardsbutik.se\\\/\",\"name\":\"Elmersgardsbutik\",\"description\":\"Pesula Lantbruk, Rybsolja\",\"publisher\":{\"@id\":\"https:\\\/\\\/elmersgardsbutik.se\\\/#organization\"},\"potentialAction\":[{\"@type\":\"SearchAction\",\"target\":{\"@type\":\"EntryPoint\",\"urlTemplate\":\"https:\\\/\\\/elmersgardsbutik.se\\\/?s={search_term_string}\"},\"query-input\":{\"@type\":\"PropertyValueSpecification\",\"valueRequired\":true,\"valueName\":\"search_term_string\"}}],\"inLanguage\":\"fi\"},{\"@type\":\"Organization\",\"@id\":\"https:\\\/\\\/elmersgardsbutik.se\\\/#organization\",\"name\":\"Pesulas Lantbruk AB\",\"url\":\"https:\\\/\\\/elmersgardsbutik.se\\\/\",\"logo\":{\"@type\":\"ImageObject\",\"inLanguage\":\"fi\",\"@id\":\"https:\\\/\\\/elmersgardsbutik.se\\\/#\\\/schema\\\/logo\\\/image\\\/\",\"url\":\"https:\\\/\\\/elmersgardsbutik.se\\\/wp-content\\\/uploads\\\/2020\\\/08\\\/favicon.png\",\"contentUrl\":\"https:\\\/\\\/elmersgardsbutik.se\\\/wp-content\\\/uploads\\\/2020\\\/08\\\/favicon.png\",\"width\":512,\"height\":512,\"caption\":\"Pesulas Lantbruk AB\"},\"image\":{\"@id\":\"https:\\\/\\\/elmersgardsbutik.se\\\/#\\\/schema\\\/logo\\\/image\\\/\"}}]}<\/script>\n<!-- \/ Yoast SEO plugin. -->","yoast_head_json":{"title":"Rypsy\u00f6ljy 10 cl - Elmersgardsbutik","robots":{"index":"index","follow":"follow","max-snippet":"max-snippet:-1","max-image-preview":"max-image-preview:large","max-video-preview":"max-video-preview:-1"},"canonical":"https:\/\/elmersgardsbutik.se\/tuote\/rybsolja-10-cl\/","og_locale":"fi_FI","og_type":"article","og_title":"Rypsy\u00f6ljy 10 cl - Elmersgardsbutik","og_description":"Rypsy\u00f6ljy kasvatetaan luonnonmukaisesti Pesulan maatilalla. Siin\u00e4 on p\u00e4hkim\u00e4inen maku joka maistuu hyv\u00e4lle salatteihin, marinadeihin, vinegrettin, uunissa pahdettuihin perunoihin ja muihin juureksille. Rypsy\u00f6ljy soveltuu erinomaisesti paistamiseen ja kest\u00e4\u00e4 korkeaa l\u00e4mp\u00f6a","og_url":"https:\/\/elmersgardsbutik.se\/tuote\/rybsolja-10-cl\/","og_site_name":"Elmersgardsbutik","article_modified_time":"2020-09-23T12:08:14+00:00","og_image":[{"width":960,"height":960,"url":"https:\/\/elmersgardsbutik.se\/wp-content\/uploads\/2020\/09\/IMG_6926.jpg","type":"image\/jpeg"}],"twitter_card":"summary_large_image","schema":{"@context":"https:\/\/schema.org","@graph":[{"@type":"WebPage","@id":"https:\/\/elmersgardsbutik.se\/tuote\/rybsolja-10-cl\/","url":"https:\/\/elmersgardsbutik.se\/tuote\/rybsolja-10-cl\/","name":"Rypsy\u00f6ljy 10 cl - Elmersgardsbutik","isPartOf":{"@id":"https:\/\/elmersgardsbutik.se\/#website"},"primaryImageOfPage":{"@id":"https:\/\/elmersgardsbutik.se\/tuote\/rybsolja-10-cl\/#primaryimage"},"image":{"@id":"https:\/\/elmersgardsbutik.se\/tuote\/rybsolja-10-cl\/#primaryimage"},"thumbnailUrl":"https:\/\/elmersgardsbutik.se\/wp-content\/uploads\/2020\/09\/IMG_6926.jpg","datePublished":"2020-09-07T17:37:34+00:00","dateModified":"2020-09-23T12:08:14+00:00","breadcrumb":{"@id":"https:\/\/elmersgardsbutik.se\/tuote\/rybsolja-10-cl\/#breadcrumb"},"inLanguage":"fi","potentialAction":[{"@type":"ReadAction","target":["https:\/\/elmersgardsbutik.se\/tuote\/rybsolja-10-cl\/"]}]},{"@type":"ImageObject","inLanguage":"fi","@id":"https:\/\/elmersgardsbutik.se\/tuote\/rybsolja-10-cl\/#primaryimage","url":"https:\/\/elmersgardsbutik.se\/wp-content\/uploads\/2020\/09\/IMG_6926.jpg","contentUrl":"https:\/\/elmersgardsbutik.se\/wp-content\/uploads\/2020\/09\/IMG_6926.jpg","width":960,"height":960},{"@type":"BreadcrumbList","@id":"https:\/\/elmersgardsbutik.se\/tuote\/rybsolja-10-cl\/#breadcrumb","itemListElement":[{"@type":"ListItem","position":1,"name":"Hem","item":"https:\/\/elmersgardsbutik.se\/fi\/"},{"@type":"ListItem","position":2,"name":"Tuotteet","item":"https:\/\/elmersgardsbutik.se\/fi\/tuotteet\/"},{"@type":"ListItem","position":3,"name":"Rypsy\u00f6ljy 10 cl"}]},{"@type":"WebSite","@id":"https:\/\/elmersgardsbutik.se\/#website","url":"https:\/\/elmersgardsbutik.se\/","name":"Elmersgardsbutik","description":"Pesula Lantbruk, Rybsolja","publisher":{"@id":"https:\/\/elmersgardsbutik.se\/#organization"},"potentialAction":[{"@type":"SearchAction","target":{"@type":"EntryPoint","urlTemplate":"https:\/\/elmersgardsbutik.se\/?s={search_term_string}"},"query-input":{"@type":"PropertyValueSpecification","valueRequired":true,"valueName":"search_term_string"}}],"inLanguage":"fi"},{"@type":"Organization","@id":"https:\/\/elmersgardsbutik.se\/#organization","name":"Pesulas Lantbruk AB","url":"https:\/\/elmersgardsbutik.se\/","logo":{"@type":"ImageObject","inLanguage":"fi","@id":"https:\/\/elmersgardsbutik.se\/#\/schema\/logo\/image\/","url":"https:\/\/elmersgardsbutik.se\/wp-content\/uploads\/2020\/08\/favicon.png","contentUrl":"https:\/\/elmersgardsbutik.se\/wp-content\/uploads\/2020\/08\/favicon.png","width":512,"height":512,"caption":"Pesulas Lantbruk AB"},"image":{"@id":"https:\/\/elmersgardsbutik.se\/#\/schema\/logo\/image\/"}}]}},"_links":{"self":[{"href":"https:\/\/elmersgardsbutik.se\/fi\/wp-json\/wp\/v2\/product\/211","targetHints":{"allow":["GET"]}}],"collection":[{"href":"https:\/\/elmersgardsbutik.se\/fi\/wp-json\/wp\/v2\/product"}],"about":[{"href":"https:\/\/elmersgardsbutik.se\/fi\/wp-json\/wp\/v2\/types\/product"}],"wp:featuredmedia":[{"embeddable":true,"href":"https:\/\/elmersgardsbutik.se\/fi\/wp-json\/wp\/v2\/media\/125"}],"wp:attachment":[{"href":"https:\/\/elmersgardsbutik.se\/fi\/wp-json\/wp\/v2\/media?parent=211"}],"wp:term":[{"taxonomy":"product_brand","embeddable":true,"href":"https:\/\/elmersgardsbutik.se\/fi\/wp-json\/wp\/v2\/product_brand?post=211"},{"taxonomy":"product_cat","embeddable":true,"href":"https:\/\/elmersgardsbutik.se\/fi\/wp-json\/wp\/v2\/product_cat?post=211"},{"taxonomy":"product_tag","embeddable":true,"href":"https:\/\/elmersgardsbutik.se\/fi\/wp-json\/wp\/v2\/product_tag?post=211"}],"curies":[{"name":"wp","href":"https:\/\/api.w.org\/{rel}","templated":true}]}}