{"id":213,"date":"2020-09-08T08:42:02","date_gmt":"2020-09-08T06:42:02","guid":{"rendered":"https:\/\/elmersgardsbutik.se\/produkt\/chilirypsioljy-10-cl\/"},"modified":"2020-09-23T14:08:14","modified_gmt":"2020-09-23T12:08:14","slug":"chilirypsioljy-10-cl","status":"publish","type":"product","link":"https:\/\/elmersgardsbutik.se\/fi\/tuote\/chilirypsioljy-10-cl\/","title":{"rendered":"Chilirypsy\u00f6ljy 10 cl"},"content":{"rendered":"<p>Kylm\u00e4puristettu ekologinen rypsy\u00f6ljy maustettuna kuivattua chilli\u00e4<\/p>\n","protected":false},"excerpt":{"rendered":"<p>Rypsi\u00f6ljy kasvatetaan luonnonmukaisesti Pesulan maatilalla. Sopii hyvin salatteihin, tiputettuna mozzarellan- juustoa sis\u00e4lt\u00e4v\u00e4\u00e4n pizzan viimeisen\u00e4 kosketuksena ja sopii erinomaisesti wok-vihannesten paistamiseen. Sopii uunissa pahdettujen perunoiden ja juureks ien kanssa<\/p>\n<pre id=\"tw-target-text\" class=\"tw-data-text tw-text-large XcVN5d tw-ta\" data-placeholder=\"\u00d6vers\u00e4ttning\"><span lang=\"fi\"> ja juureksien <\/span><\/pre>\n","protected":false},"featured_media":127,"template":"","meta":{"_acf_changed":false},"product_brand":[],"product_cat":[37],"product_tag":[],"class_list":{"0":"post-213","1":"product","2":"type-product","3":"status-publish","4":"has-post-thumbnail","6":"product_cat-rypsioljy","8":"first","9":"outofstock","10":"taxable","11":"shipping-taxable","12":"purchasable","13":"product-type-simple"},"acf":[],"yoast_head":"<!-- This site is optimized with the Yoast SEO plugin v27.3 - https:\/\/yoast.com\/product\/yoast-seo-wordpress\/ -->\n<title>Chilirypsy\u00f6ljy 10 cl - Elmersgardsbutik<\/title>\n<meta name=\"robots\" content=\"index, follow, max-snippet:-1, max-image-preview:large, max-video-preview:-1\" \/>\n<link rel=\"canonical\" href=\"https:\/\/elmersgardsbutik.se\/fi\/tuote\/chilirypsioljy-10-cl\/\" \/>\n<meta property=\"og:locale\" content=\"fi_FI\" \/>\n<meta property=\"og:type\" content=\"article\" \/>\n<meta property=\"og:title\" content=\"Chilirypsy\u00f6ljy 10 cl - Elmersgardsbutik\" \/>\n<meta property=\"og:description\" content=\"Rypsi\u00f6ljy kasvatetaan luonnonmukaisesti Pesulan maatilalla. Sopii hyvin salatteihin, tiputettuna mozzarellan- juustoa sis\u00e4lt\u00e4v\u00e4\u00e4n pizzan viimeisen\u00e4 kosketuksena ja sopii erinomaisesti wok-vihannesten paistamiseen. Sopii uunissa pahdettujen perunoiden ja juureks ien kanssa  ja juureksien\" \/>\n<meta property=\"og:url\" content=\"https:\/\/elmersgardsbutik.se\/fi\/tuote\/chilirypsioljy-10-cl\/\" \/>\n<meta property=\"og:site_name\" content=\"Elmersgardsbutik\" \/>\n<meta property=\"article:modified_time\" content=\"2020-09-23T12:08:14+00:00\" \/>\n<meta property=\"og:image\" content=\"https:\/\/elmersgardsbutik.se\/wp-content\/uploads\/2020\/09\/IMG_6962.png\" \/>\n\t<meta property=\"og:image:width\" content=\"960\" \/>\n\t<meta property=\"og:image:height\" content=\"960\" \/>\n\t<meta property=\"og:image:type\" content=\"image\/png\" \/>\n<meta name=\"twitter:card\" content=\"summary_large_image\" \/>\n<script type=\"application\/ld+json\" class=\"yoast-schema-graph\">{\"@context\":\"https:\\\/\\\/schema.org\",\"@graph\":[{\"@type\":\"WebPage\",\"@id\":\"https:\\\/\\\/elmersgardsbutik.se\\\/fi\\\/tuote\\\/chilirypsioljy-10-cl\\\/\",\"url\":\"https:\\\/\\\/elmersgardsbutik.se\\\/fi\\\/tuote\\\/chilirypsioljy-10-cl\\\/\",\"name\":\"Chilirypsy\u00f6ljy 10 cl - Elmersgardsbutik\",\"isPartOf\":{\"@id\":\"https:\\\/\\\/elmersgardsbutik.se\\\/#website\"},\"primaryImageOfPage\":{\"@id\":\"https:\\\/\\\/elmersgardsbutik.se\\\/fi\\\/tuote\\\/chilirypsioljy-10-cl\\\/#primaryimage\"},\"image\":{\"@id\":\"https:\\\/\\\/elmersgardsbutik.se\\\/fi\\\/tuote\\\/chilirypsioljy-10-cl\\\/#primaryimage\"},\"thumbnailUrl\":\"https:\\\/\\\/elmersgardsbutik.se\\\/wp-content\\\/uploads\\\/2020\\\/09\\\/IMG_6962.png\",\"datePublished\":\"2020-09-08T06:42:02+00:00\",\"dateModified\":\"2020-09-23T12:08:14+00:00\",\"breadcrumb\":{\"@id\":\"https:\\\/\\\/elmersgardsbutik.se\\\/fi\\\/tuote\\\/chilirypsioljy-10-cl\\\/#breadcrumb\"},\"inLanguage\":\"fi\",\"potentialAction\":[{\"@type\":\"ReadAction\",\"target\":[\"https:\\\/\\\/elmersgardsbutik.se\\\/fi\\\/tuote\\\/chilirypsioljy-10-cl\\\/\"]}]},{\"@type\":\"ImageObject\",\"inLanguage\":\"fi\",\"@id\":\"https:\\\/\\\/elmersgardsbutik.se\\\/fi\\\/tuote\\\/chilirypsioljy-10-cl\\\/#primaryimage\",\"url\":\"https:\\\/\\\/elmersgardsbutik.se\\\/wp-content\\\/uploads\\\/2020\\\/09\\\/IMG_6962.png\",\"contentUrl\":\"https:\\\/\\\/elmersgardsbutik.se\\\/wp-content\\\/uploads\\\/2020\\\/09\\\/IMG_6962.png\",\"width\":960,\"height\":960},{\"@type\":\"BreadcrumbList\",\"@id\":\"https:\\\/\\\/elmersgardsbutik.se\\\/fi\\\/tuote\\\/chilirypsioljy-10-cl\\\/#breadcrumb\",\"itemListElement\":[{\"@type\":\"ListItem\",\"position\":1,\"name\":\"Hem\",\"item\":\"https:\\\/\\\/elmersgardsbutik.se\\\/fi\\\/\"},{\"@type\":\"ListItem\",\"position\":2,\"name\":\"Tuotteet\",\"item\":\"https:\\\/\\\/elmersgardsbutik.se\\\/fi\\\/tuotteet\\\/\"},{\"@type\":\"ListItem\",\"position\":3,\"name\":\"Chilirypsy\u00f6ljy 10 cl\"}]},{\"@type\":\"WebSite\",\"@id\":\"https:\\\/\\\/elmersgardsbutik.se\\\/#website\",\"url\":\"https:\\\/\\\/elmersgardsbutik.se\\\/\",\"name\":\"Elmersgardsbutik\",\"description\":\"Pesula Lantbruk, Rybsolja\",\"publisher\":{\"@id\":\"https:\\\/\\\/elmersgardsbutik.se\\\/#organization\"},\"potentialAction\":[{\"@type\":\"SearchAction\",\"target\":{\"@type\":\"EntryPoint\",\"urlTemplate\":\"https:\\\/\\\/elmersgardsbutik.se\\\/?s={search_term_string}\"},\"query-input\":{\"@type\":\"PropertyValueSpecification\",\"valueRequired\":true,\"valueName\":\"search_term_string\"}}],\"inLanguage\":\"fi\"},{\"@type\":\"Organization\",\"@id\":\"https:\\\/\\\/elmersgardsbutik.se\\\/#organization\",\"name\":\"Pesulas Lantbruk AB\",\"url\":\"https:\\\/\\\/elmersgardsbutik.se\\\/\",\"logo\":{\"@type\":\"ImageObject\",\"inLanguage\":\"fi\",\"@id\":\"https:\\\/\\\/elmersgardsbutik.se\\\/#\\\/schema\\\/logo\\\/image\\\/\",\"url\":\"https:\\\/\\\/elmersgardsbutik.se\\\/wp-content\\\/uploads\\\/2020\\\/08\\\/favicon.png\",\"contentUrl\":\"https:\\\/\\\/elmersgardsbutik.se\\\/wp-content\\\/uploads\\\/2020\\\/08\\\/favicon.png\",\"width\":512,\"height\":512,\"caption\":\"Pesulas Lantbruk AB\"},\"image\":{\"@id\":\"https:\\\/\\\/elmersgardsbutik.se\\\/#\\\/schema\\\/logo\\\/image\\\/\"}}]}<\/script>\n<!-- \/ Yoast SEO plugin. -->","yoast_head_json":{"title":"Chilirypsy\u00f6ljy 10 cl - Elmersgardsbutik","robots":{"index":"index","follow":"follow","max-snippet":"max-snippet:-1","max-image-preview":"max-image-preview:large","max-video-preview":"max-video-preview:-1"},"canonical":"https:\/\/elmersgardsbutik.se\/fi\/tuote\/chilirypsioljy-10-cl\/","og_locale":"fi_FI","og_type":"article","og_title":"Chilirypsy\u00f6ljy 10 cl - Elmersgardsbutik","og_description":"Rypsi\u00f6ljy kasvatetaan luonnonmukaisesti Pesulan maatilalla. Sopii hyvin salatteihin, tiputettuna mozzarellan- juustoa sis\u00e4lt\u00e4v\u00e4\u00e4n pizzan viimeisen\u00e4 kosketuksena ja sopii erinomaisesti wok-vihannesten paistamiseen. Sopii uunissa pahdettujen perunoiden ja juureks ien kanssa  ja juureksien","og_url":"https:\/\/elmersgardsbutik.se\/fi\/tuote\/chilirypsioljy-10-cl\/","og_site_name":"Elmersgardsbutik","article_modified_time":"2020-09-23T12:08:14+00:00","og_image":[{"width":960,"height":960,"url":"https:\/\/elmersgardsbutik.se\/wp-content\/uploads\/2020\/09\/IMG_6962.png","type":"image\/png"}],"twitter_card":"summary_large_image","schema":{"@context":"https:\/\/schema.org","@graph":[{"@type":"WebPage","@id":"https:\/\/elmersgardsbutik.se\/fi\/tuote\/chilirypsioljy-10-cl\/","url":"https:\/\/elmersgardsbutik.se\/fi\/tuote\/chilirypsioljy-10-cl\/","name":"Chilirypsy\u00f6ljy 10 cl - Elmersgardsbutik","isPartOf":{"@id":"https:\/\/elmersgardsbutik.se\/#website"},"primaryImageOfPage":{"@id":"https:\/\/elmersgardsbutik.se\/fi\/tuote\/chilirypsioljy-10-cl\/#primaryimage"},"image":{"@id":"https:\/\/elmersgardsbutik.se\/fi\/tuote\/chilirypsioljy-10-cl\/#primaryimage"},"thumbnailUrl":"https:\/\/elmersgardsbutik.se\/wp-content\/uploads\/2020\/09\/IMG_6962.png","datePublished":"2020-09-08T06:42:02+00:00","dateModified":"2020-09-23T12:08:14+00:00","breadcrumb":{"@id":"https:\/\/elmersgardsbutik.se\/fi\/tuote\/chilirypsioljy-10-cl\/#breadcrumb"},"inLanguage":"fi","potentialAction":[{"@type":"ReadAction","target":["https:\/\/elmersgardsbutik.se\/fi\/tuote\/chilirypsioljy-10-cl\/"]}]},{"@type":"ImageObject","inLanguage":"fi","@id":"https:\/\/elmersgardsbutik.se\/fi\/tuote\/chilirypsioljy-10-cl\/#primaryimage","url":"https:\/\/elmersgardsbutik.se\/wp-content\/uploads\/2020\/09\/IMG_6962.png","contentUrl":"https:\/\/elmersgardsbutik.se\/wp-content\/uploads\/2020\/09\/IMG_6962.png","width":960,"height":960},{"@type":"BreadcrumbList","@id":"https:\/\/elmersgardsbutik.se\/fi\/tuote\/chilirypsioljy-10-cl\/#breadcrumb","itemListElement":[{"@type":"ListItem","position":1,"name":"Hem","item":"https:\/\/elmersgardsbutik.se\/fi\/"},{"@type":"ListItem","position":2,"name":"Tuotteet","item":"https:\/\/elmersgardsbutik.se\/fi\/tuotteet\/"},{"@type":"ListItem","position":3,"name":"Chilirypsy\u00f6ljy 10 cl"}]},{"@type":"WebSite","@id":"https:\/\/elmersgardsbutik.se\/#website","url":"https:\/\/elmersgardsbutik.se\/","name":"Elmersgardsbutik","description":"Pesula Lantbruk, Rybsolja","publisher":{"@id":"https:\/\/elmersgardsbutik.se\/#organization"},"potentialAction":[{"@type":"SearchAction","target":{"@type":"EntryPoint","urlTemplate":"https:\/\/elmersgardsbutik.se\/?s={search_term_string}"},"query-input":{"@type":"PropertyValueSpecification","valueRequired":true,"valueName":"search_term_string"}}],"inLanguage":"fi"},{"@type":"Organization","@id":"https:\/\/elmersgardsbutik.se\/#organization","name":"Pesulas Lantbruk AB","url":"https:\/\/elmersgardsbutik.se\/","logo":{"@type":"ImageObject","inLanguage":"fi","@id":"https:\/\/elmersgardsbutik.se\/#\/schema\/logo\/image\/","url":"https:\/\/elmersgardsbutik.se\/wp-content\/uploads\/2020\/08\/favicon.png","contentUrl":"https:\/\/elmersgardsbutik.se\/wp-content\/uploads\/2020\/08\/favicon.png","width":512,"height":512,"caption":"Pesulas Lantbruk AB"},"image":{"@id":"https:\/\/elmersgardsbutik.se\/#\/schema\/logo\/image\/"}}]}},"_links":{"self":[{"href":"https:\/\/elmersgardsbutik.se\/fi\/wp-json\/wp\/v2\/product\/213","targetHints":{"allow":["GET"]}}],"collection":[{"href":"https:\/\/elmersgardsbutik.se\/fi\/wp-json\/wp\/v2\/product"}],"about":[{"href":"https:\/\/elmersgardsbutik.se\/fi\/wp-json\/wp\/v2\/types\/product"}],"wp:featuredmedia":[{"embeddable":true,"href":"https:\/\/elmersgardsbutik.se\/fi\/wp-json\/wp\/v2\/media\/127"}],"wp:attachment":[{"href":"https:\/\/elmersgardsbutik.se\/fi\/wp-json\/wp\/v2\/media?parent=213"}],"wp:term":[{"taxonomy":"product_brand","embeddable":true,"href":"https:\/\/elmersgardsbutik.se\/fi\/wp-json\/wp\/v2\/product_brand?post=213"},{"taxonomy":"product_cat","embeddable":true,"href":"https:\/\/elmersgardsbutik.se\/fi\/wp-json\/wp\/v2\/product_cat?post=213"},{"taxonomy":"product_tag","embeddable":true,"href":"https:\/\/elmersgardsbutik.se\/fi\/wp-json\/wp\/v2\/product_tag?post=213"}],"curies":[{"name":"wp","href":"https:\/\/api.w.org\/{rel}","templated":true}]}}